{"id":8916,"date":"2023-10-25T17:30:19","date_gmt":"2023-10-25T14:30:19","guid":{"rendered":"https:\/\/itashop.ee\/ru\/?post_type=product&#038;p=8916"},"modified":"2026-03-14T11:06:23","modified_gmt":"2026-03-14T08:06:23","slug":"amaretto-sofia-28-075l","status":"publish","type":"product","link":"https:\/\/itashop.ee\/ru\/p\/amaretto-sofia-28-075l\/","title":{"rendered":"Amaretto Sofia 28% 0,75L"},"content":{"rendered":"<p>Amaretto Sofia<\/p>\n<p>Toote liik: Lik\u00f6\u00f6r P\u00e4ritolu\/Regioon: <strong>Itaalia <\/strong><\/p>\n<p>Maht: 0.7L Vol: 28%<\/p>\n","protected":false},"excerpt":{"rendered":"<p><strong>Amaretto Sofia 28%, 0,75L<\/strong><br \/>\nDistilleria dell&#8217;Alpe \u0431\u044b\u043b\u0430 \u043e\u0441\u043d\u043e\u0432\u0430\u043d\u0430 \u0432 1948 \u0433\u043e\u0434\u0443 \u0424\u0435\u0440\u0440\u0443\u0447\u0438\u043e \u0414\u0435 \u0411\u0435\u0440\u043d\u0430\u0440\u043e\u043c \u0432 \u0411\u0430\u0441\u0442\u0438\u0430-\u0434&#8217;\u0410\u043b\u044c\u043f\u0430\u0433\u043e, \u043d\u0435\u0431\u043e\u043b\u044c\u0448\u043e\u043c \u0433\u043e\u0440\u043e\u0434\u043a\u0435 \u0432 \u0414\u043e\u043b\u043e\u043c\u0438\u0442\u043e\u0432\u044b\u0445\u00a0 \u0410\u043b\u044c\u043f\u0430\u0445. \u0421\u043e\u0444\u0438\u044f \u0431\u044b\u043b\u0430 \u0436\u0435\u043d\u0449\u0438\u043d\u043e\u0439, \u0432 \u043a\u043e\u0442\u043e\u0440\u0443\u044e \u0431\u044b\u043b \u0432\u043b\u044e\u0431\u043b\u0435\u043d \u0424\u0435\u0440\u0440\u0443\u0447\u0438\u043e. \u0424\u0430\u043a\u0442\u0438\u0447\u0435\u0441\u043a\u0438, \u043b\u043e\u0433\u043e\u0442\u0438\u043f Distilleria dell&#8217;Alpe \u0432\u0434\u043e\u0445\u043d\u043e\u0432\u043b\u0435\u043d \u043f\u0440\u0435\u043a\u0440\u0430\u0441\u043d\u043e\u0439 \u0421\u043e\u0444\u0438\u0435\u0439.<br \/>\n<strong>Amaretto Sofia \u043f\u0440\u043e\u0438\u0437\u0432\u043e\u0434\u0438\u0442\u0441\u044f \u0438\u0437 \u0433\u043e\u0440\u044c\u043a\u043e\u0433\u043e \u0441\u0438\u0446\u0438\u043b\u0438\u0439\u0441\u043a\u043e\u0433\u043e \u043c\u0438\u043d\u0434\u0430\u043b\u044f, \u0441\u043b\u0430\u0434\u043a\u043e\u0433\u043e \u0441\u0438\u0446\u0438\u043b\u0438\u0439\u0441\u043a\u043e\u0433\u043e \u043c\u0438\u043d\u0434\u0430\u043b\u044f, \u041a\u0430\u043b\u0430\u0431\u0440\u0438\u044f. <\/strong>\u0417\u0430\u043c\u043e\u0447\u0435\u043d\u043d\u044b\u0435 \u0432 \u043f\u0448\u0435\u043d\u0438\u0447\u043d\u043e\u043c \u0441\u043f\u0438\u0440\u0442\u0435 &#8211; \u0430\u043f\u0435\u043b\u044c\u0441\u0438\u043d\u043e\u0432\u0430\u044f \u0446\u0435\u0434\u0440\u0430, \u0446\u0435\u0434\u0440\u0430 \u0433\u0440\u0435\u0439\u043f\u0444\u0440\u0443\u0442\u0430, \u0441\u0430\u0445\u0430\u0440\u043e\u043c \u0438 \u043f\u0440\u0435\u0441\u043d\u043e\u0439 \u0432\u043e\u0434\u043e\u0439. \u041f\u0440\u043e\u0434\u0443\u043a\u0442 \u0432\u044b\u0434\u0435\u0440\u0436\u0430\u043d \u043d\u0435 \u043c\u0435\u043d\u0435\u0435 8 \u043c\u0435\u0441\u044f\u0446\u0435\u0432. <strong>\u041e\u043d \u043d\u0430 100% \u0432\u0435\u0433\u0430\u043d\u0441\u043a\u0438\u0439, \u043d\u0435 \u0441\u043e\u0434\u0435\u0440\u0436\u0438\u0442 \u0433\u043b\u044e\u0442\u0435\u043d\u0430 !<\/strong><br \/>\n\u0426\u0432\u0435\u0442: \u0442\u0451\u043c\u043d\u043e-\u044f\u043d\u0442\u0430\u0440\u043d\u044b\u0439 \u043b\u0438\u043a\u0435\u0440.<br \/>\n<strong>\u0410\u0440\u043e\u043c\u0430\u0442: \u041b\u0438\u043a\u0435\u0440 \u0438\u043c\u0435\u0435\u0442 \u043f\u0440\u044f\u043d\u044b\u0439 \u0430\u0440\u043e\u043c\u0430\u0442 \u0441 \u043e\u0442\u0442\u0435\u043d\u043a\u0430\u043c\u0438 \u043c\u0438\u043d\u0434\u0430\u043b\u044f, \u0432\u0430\u043d\u0438\u043b\u0438 \u0438 \u0441\u043f\u0435\u0446\u0438\u0439.<\/strong><br \/>\n<strong>\u0412\u043a\u0443\u0441: \u0412\u043a\u0443\u0441 \u043b\u0438\u043a\u0435\u0440\u0430 \u043d\u0430\u0441\u044b\u0449\u0435\u043d\u043d\u044b\u0439, \u0441\u043b\u0430\u0434\u043a\u0438\u0439, \u0441\u043b\u043e\u0436\u043d\u044b\u0439 \u0441 \u043e\u0442\u0442\u0435\u043d\u043a\u0430\u043c\u0438 \u043c\u0438\u043d\u0434\u0430\u043b\u044f \u0438<\/strong><br \/>\n<strong>\u043c\u0430\u0440\u0446\u0438\u043f\u0430\u043d\u0430.<\/strong><br \/>\n\u041f\u043e\u0434\u0430\u0447\u0430: \u0440\u0435\u043a\u043e\u043c\u0435\u043d\u0434\u0443\u0435\u0442\u0441\u044f \u0441\u043e \u043b\u044c\u0434\u043e\u043c \u0432 \u043a\u0430\u0447\u0435\u0441\u0442\u0432\u0435 \u0434\u0438\u0436\u0435\u0441\u0442\u0438\u0432\u0430, \u043d\u0430\u043f\u0438\u0442\u043e\u043a \u044f\u0432\u043b\u044f\u0435\u0442\u0441\u044f \u043e\u0442\u043b\u0438\u0447\u043d\u044b\u043c \u0438\u043d\u0433\u0440\u0435\u0434\u0438\u0435\u043d\u0442\u043e\u043c \u0434\u043b\u044f \u043f\u0440\u0438\u0433\u043e\u0442\u043e\u0432\u043b\u0435\u043d\u0438\u044f \u0432\u043a\u0443\u0441\u043d\u044b\u0445 \u043a\u043e\u043a\u0442\u0435\u0439\u043b\u0435\u0439. \u041b\u0443\u0447\u0448\u0435 \u0445\u0440\u0430\u043d\u0438\u0442\u044c \u0432 \u0445\u043e\u043b\u043e\u0434\u0438\u043b\u044c\u043d\u0438\u043a\u0435 \u0438 \u0443\u043f\u043e\u0442\u0440\u0435\u0431\u043b\u044f\u0442\u044c \u0445\u043e\u043b\u043e\u0434\u043d\u044b\u043c!<\/p>\n","protected":false},"featured_media":8917,"template":"","meta":[],"product_cat":[96,101],"product_tag":[],"class_list":["post-8916","product","type-product","status-publish","has-post-thumbnail","hentry","product_cat-vein","product_cat-koik-tooted"],"_links":{"self":[{"href":"https:\/\/itashop.ee\/ru\/wp-json\/wp\/v2\/product\/8916","targetHints":{"allow":["GET"]}}],"collection":[{"href":"https:\/\/itashop.ee\/ru\/wp-json\/wp\/v2\/product"}],"about":[{"href":"https:\/\/itashop.ee\/ru\/wp-json\/wp\/v2\/types\/product"}],"wp:featuredmedia":[{"embeddable":true,"href":"https:\/\/itashop.ee\/ru\/wp-json\/wp\/v2\/media\/8917"}],"wp:attachment":[{"href":"https:\/\/itashop.ee\/ru\/wp-json\/wp\/v2\/media?parent=8916"}],"wp:term":[{"taxonomy":"product_cat","embeddable":true,"href":"https:\/\/itashop.ee\/ru\/wp-json\/wp\/v2\/product_cat?post=8916"},{"taxonomy":"product_tag","embeddable":true,"href":"https:\/\/itashop.ee\/ru\/wp-json\/wp\/v2\/product_tag?post=8916"}],"curies":[{"name":"wp","href":"https:\/\/api.w.org\/{rel}","templated":true}]}}