{"id":8916,"date":"2023-10-25T17:30:19","date_gmt":"2023-10-25T14:30:19","guid":{"rendered":"https:\/\/itashop.ee\/ru\/?post_type=product&#038;p=8916"},"modified":"2026-03-14T11:06:23","modified_gmt":"2026-03-14T08:06:23","slug":"amaretto-sofia-28-075l","status":"publish","type":"product","link":"https:\/\/itashop.ee\/en\/p\/amaretto-sofia-28-075l\/","title":{"rendered":"Amaretto Sofia 28%, 0,75L"},"content":{"rendered":"<p>Amaretto Sofia<\/p>\n<p>Toote liik: Lik\u00f6\u00f6r P\u00e4ritolu\/Regioon: <strong>Itaalia <\/strong><\/p>\n<p>Maht: 0.7L Vol: 28%<\/p>\n","protected":false},"excerpt":{"rendered":"<p class=\"qtranxs-available-languages-message qtranxs-available-languages-message-en\">Sorry, this entry is only available in <a href=\"https:\/\/itashop.ee\/et\/wp-json\/wp\/v2\/product\/8916\" class=\"qtranxs-available-language-link qtranxs-available-language-link-et\" title=\"Eesti\">Eesti<\/a> and <a href=\"https:\/\/itashop.ee\/ru\/wp-json\/wp\/v2\/product\/8916\" class=\"qtranxs-available-language-link qtranxs-available-language-link-ru\" title=\"\u0420\u0443\u0441\u0441\u043a\u0438\u0439\">\u0420\u0443\u0441\u0441\u043a\u0438\u0439<\/a>.<\/p>\n","protected":false},"featured_media":8917,"template":"","meta":[],"product_cat":[96,101],"product_tag":[],"class_list":["post-8916","product","type-product","status-publish","has-post-thumbnail","hentry","product_cat-vein","product_cat-koik-tooted"],"_links":{"self":[{"href":"https:\/\/itashop.ee\/en\/wp-json\/wp\/v2\/product\/8916","targetHints":{"allow":["GET"]}}],"collection":[{"href":"https:\/\/itashop.ee\/en\/wp-json\/wp\/v2\/product"}],"about":[{"href":"https:\/\/itashop.ee\/en\/wp-json\/wp\/v2\/types\/product"}],"wp:featuredmedia":[{"embeddable":true,"href":"https:\/\/itashop.ee\/en\/wp-json\/wp\/v2\/media\/8917"}],"wp:attachment":[{"href":"https:\/\/itashop.ee\/en\/wp-json\/wp\/v2\/media?parent=8916"}],"wp:term":[{"taxonomy":"product_cat","embeddable":true,"href":"https:\/\/itashop.ee\/en\/wp-json\/wp\/v2\/product_cat?post=8916"},{"taxonomy":"product_tag","embeddable":true,"href":"https:\/\/itashop.ee\/en\/wp-json\/wp\/v2\/product_tag?post=8916"}],"curies":[{"name":"wp","href":"https:\/\/api.w.org\/{rel}","templated":true}]}}